{"id":2938,"date":"2025-02-24T14:04:50","date_gmt":"2025-02-24T14:04:50","guid":{"rendered":"https:\/\/mademoisellejules.fr\/?page_id=2938"},"modified":"2025-02-24T14:42:21","modified_gmt":"2025-02-24T14:42:21","slug":"mentions-legales","status":"publish","type":"page","link":"https:\/\/mademoisellejules.fr\/en\/mentions-legales\/","title":{"rendered":"Legal notices"},"content":{"rendered":"<div data-elementor-type=\"wp-page\" data-elementor-id=\"2938\" class=\"elementor elementor-2938\" data-elementor-post-type=\"page\">\n\t\t\t\t<div class=\"elementor-element elementor-element-ecfca3d e-con-full pageHead e-flex e-con e-parent\" data-id=\"ecfca3d\" data-element_type=\"container\" data-settings=\"{&quot;background_background&quot;:&quot;classic&quot;}\">\n\t\t<div class=\"elementor-element elementor-element-8f134a5 e-con-full e-flex e-con e-child\" data-id=\"8f134a5\" data-element_type=\"container\">\n\t\t\t\t<div class=\"elementor-element elementor-element-834d47c elementor-widget elementor-widget-image\" data-id=\"834d47c\" data-element_type=\"widget\" data-widget_type=\"image.default\">\n\t\t\t\t<div class=\"elementor-widget-container\">\n\t\t\t\t\t\t\t\t\t\t\t\t\t\t\t\t<a href=\"#elementor-action%3Aaction%3Dpopup%3Aopen%26settings%3DeyJpZCI6IjE2MDIiLCJ0b2dnbGUiOmZhbHNlfQ%3D%3D\">\n\t\t\t\t\t\t\t<img decoding=\"async\" width=\"39\" height=\"28\" src=\"https:\/\/mademoisellejules.fr\/wp-content\/uploads\/2024\/10\/menu-toggle.png\" class=\"attachment-full size-full wp-image-1608\" alt=\"\" \/>\t\t\t\t\t\t\t\t<\/a>\n\t\t\t\t\t\t\t\t\t\t\t\t\t\t\t<\/div>\n\t\t\t\t<\/div>\n\t\t\t\t<\/div>\n\t\t<div class=\"elementor-element elementor-element-66636ad e-con-full e-flex e-con e-child\" data-id=\"66636ad\" data-element_type=\"container\">\n\t\t\t\t<div class=\"elementor-element elementor-element-cd83f72 elementor-widget elementor-widget-image\" data-id=\"cd83f72\" data-element_type=\"widget\" data-widget_type=\"image.default\">\n\t\t\t\t<div class=\"elementor-widget-container\">\n\t\t\t\t\t\t\t\t\t\t\t\t\t\t\t\t<a href=\"https:\/\/mademoisellejules.fr\/en\">\n\t\t\t\t\t\t\t<img decoding=\"async\" width=\"266\" height=\"185\" src=\"https:\/\/mademoisellejules.fr\/wp-content\/uploads\/2024\/11\/mademoiselle-jules.png\" class=\"attachment-full size-full wp-image-2106\" alt=\"\" \/>\t\t\t\t\t\t\t\t<\/a>\n\t\t\t\t\t\t\t\t\t\t\t\t\t\t\t<\/div>\n\t\t\t\t<\/div>\n\t\t\t\t<\/div>\n\t\t<div class=\"elementor-element elementor-element-0d958fe e-con-full e-flex e-con e-child\" data-id=\"0d958fe\" data-element_type=\"container\">\n\t\t\t\t<div class=\"elementor-element elementor-element-3255514 elementor-widget elementor-widget-spacer\" data-id=\"3255514\" data-element_type=\"widget\" data-widget_type=\"spacer.default\">\n\t\t\t\t<div class=\"elementor-widget-container\">\n\t\t\t\t\t\t\t<div class=\"elementor-spacer\">\n\t\t\t<div class=\"elementor-spacer-inner\"><\/div>\n\t\t<\/div>\n\t\t\t\t\t\t<\/div>\n\t\t\t\t<\/div>\n\t\t\t\t<\/div>\n\t\t\t\t<\/div>\n\t\t<div class=\"elementor-element elementor-element-cf0b05e e-flex e-con-boxed e-con e-parent\" data-id=\"cf0b05e\" data-element_type=\"container\">\n\t\t\t\t\t<div class=\"e-con-inner\">\n\t\t\t\t<div class=\"elementor-element elementor-element-390b4bf animated-slow elementor-invisible elementor-widget elementor-widget-heading\" data-id=\"390b4bf\" data-element_type=\"widget\" data-settings=\"{&quot;_animation&quot;:&quot;fadeInUp&quot;}\" data-widget_type=\"heading.default\">\n\t\t\t\t<div class=\"elementor-widget-container\">\n\t\t\t\t\t<h2 class=\"elementor-heading-title elementor-size-default\">Legal notices<\/h2>\t\t\t\t<\/div>\n\t\t\t\t<\/div>\n\t\t\t\t<div class=\"elementor-element elementor-element-61d1efc animated-slow elementor-invisible elementor-widget elementor-widget-text-editor\" data-id=\"61d1efc\" data-element_type=\"widget\" data-settings=\"{&quot;_animation&quot;:&quot;fadeInUp&quot;,&quot;_animation_delay&quot;:200}\" data-widget_type=\"text-editor.default\">\n\t\t\t\t<div class=\"elementor-widget-container\">\n\t\t\t\t\t\t\t\t\t<p class=\"translation-block\"><strong>Website Owner:<\/strong><br>Miss Jules<br>36 rue de Saint Martin, 77580 Voulangis<br>SIRET: 533 861 688 00018<br>Email: info@groupegarden.fr<\/p><p class=\"translation-block\"><strong>Publication Director:<\/strong><br>Laurent Orecchini<br>Garden Expo<\/p><p class=\"translation-block\"><strong>Hosting company:<\/strong><br>OVH<\/p><p>OVH Groupe SA, soci\u00e9t\u00e9 immatricul\u00e9e au RCS de Lille sous le num\u00e9ro 537 407 926 sise 2, rue Kellermann, 59100 Roubaix.<\/p><p class=\"translation-block\"><strong>Copyright and Intellectual Property:<\/strong><br>The content of the site (texts, images, graphics, logo, icons, etc.) is the exclusive property of Mademoiselle Jules, unless otherwise stated. Any reproduction, distribution, modification, adaptation, retransmission, or publication, even partial, of these various elements is strictly prohibited without the written consent of Mademoiselle Jules.<\/p><p class=\"translation-block\"><strong>Protection of Personal Data:<\/strong><br>The personal information collected on the site is intended exclusively for Mademoiselle Jules for the processing of requests. In accordance with the amended \u201cInformatique et Libert\u00e9s\u201d law of January 6, 1978, and the General Data Protection Regulation (GDPR), you have the right to access, rectify, delete, and oppose the personal data concerning you.<\/p><p class=\"translation-block\">To exercise these rights, you can contact us by mail at the following address:<br>Mademoiselle Jules<br>36 rue de Saint Martin, 77580 Voulangis<br>or by email: info@groupegarden.fr<\/p><p class=\"translation-block\"><strong>Cookies:<\/strong><br>The site may use cookies to enhance the user experience and for statistical purposes. By browsing this site, you accept the use of cookies. You have the option to disable cookies by modifying your browser settings.<\/p><p class=\"translation-block\"><strong>Limitation of Liability:<\/strong><br>Mademoiselle Jules does everything possible to provide reliable information on its site but cannot guarantee the accuracy, completeness, or timeliness of the information provided. Consequently, the user acknowledges using this information at their own exclusive risk.<\/p>\t\t\t\t\t\t\t\t<\/div>\n\t\t\t\t<\/div>\n\t\t\t\t\t<\/div>\n\t\t\t\t<\/div>\n\t\t<div class=\"elementor-element elementor-element-52a0505 e-flex e-con-boxed e-con e-parent\" data-id=\"52a0505\" data-element_type=\"container\" data-settings=\"{&quot;background_background&quot;:&quot;classic&quot;}\">\n\t\t\t\t\t<div class=\"e-con-inner\">\n\t\t<div class=\"elementor-element elementor-element-027be84 e-flex e-con-boxed e-con e-child\" data-id=\"027be84\" data-element_type=\"container\">\n\t\t\t\t\t<div class=\"e-con-inner\">\n\t\t<div class=\"elementor-element elementor-element-822e172 e-con-full e-flex e-con e-child\" data-id=\"822e172\" data-element_type=\"container\">\n\t\t\t\t<div class=\"elementor-element elementor-element-5e40ed7 elementor-widget elementor-widget-image\" data-id=\"5e40ed7\" data-element_type=\"widget\" data-widget_type=\"image.default\">\n\t\t\t\t<div class=\"elementor-widget-container\">\n\t\t\t\t\t\t\t\t\t\t\t\t\t\t\t<img fetchpriority=\"high\" decoding=\"async\" width=\"486\" height=\"114\" src=\"https:\/\/mademoisellejules.fr\/wp-content\/uploads\/2024\/10\/web-logo.png\" class=\"attachment-full size-full wp-image-1257\" alt=\"\" srcset=\"https:\/\/mademoisellejules.fr\/wp-content\/uploads\/2024\/10\/web-logo.png 486w, https:\/\/mademoisellejules.fr\/wp-content\/uploads\/2024\/10\/web-logo-300x70.png 300w\" sizes=\"(max-width: 486px) 100vw, 486px\" \/>\t\t\t\t\t\t\t\t\t\t\t\t\t\t\t<\/div>\n\t\t\t\t<\/div>\n\t\t\t\t<\/div>\n\t\t<div class=\"elementor-element elementor-element-9224d68 e-con-full e-flex e-con e-child\" data-id=\"9224d68\" data-element_type=\"container\">\n\t\t\t\t<div class=\"elementor-element elementor-element-78007a8 elementor-widget elementor-widget-image\" data-id=\"78007a8\" data-element_type=\"widget\" data-widget_type=\"image.default\">\n\t\t\t\t<div class=\"elementor-widget-container\">\n\t\t\t\t\t\t\t\t\t\t\t\t\t\t\t\t<a href=\"http:\/\/garden-expo.fr\/\">\n\t\t\t\t\t\t\t<img loading=\"lazy\" decoding=\"async\" width=\"280\" height=\"136\" src=\"https:\/\/mademoisellejules.fr\/wp-content\/uploads\/2024\/10\/hero02logo.png\" class=\"attachment-full size-full wp-image-1253\" alt=\"\" \/>\t\t\t\t\t\t\t\t<\/a>\n\t\t\t\t\t\t\t\t\t\t\t\t\t\t\t<\/div>\n\t\t\t\t<\/div>\n\t\t\t\t<div class=\"elementor-element elementor-element-2924c7d elementor-widget elementor-widget-image\" data-id=\"2924c7d\" data-element_type=\"widget\" data-widget_type=\"image.default\">\n\t\t\t\t<div class=\"elementor-widget-container\">\n\t\t\t\t\t\t\t\t\t\t\t\t\t\t\t\t<a href=\"#\">\n\t\t\t\t\t\t\t<img loading=\"lazy\" decoding=\"async\" width=\"280\" height=\"115\" src=\"https:\/\/mademoisellejules.fr\/wp-content\/uploads\/2024\/10\/hero03logo.png\" class=\"attachment-full size-full wp-image-1254\" alt=\"\" \/>\t\t\t\t\t\t\t\t<\/a>\n\t\t\t\t\t\t\t\t\t\t\t\t\t\t\t<\/div>\n\t\t\t\t<\/div>\n\t\t\t\t<div class=\"elementor-element elementor-element-713383c elementor-widget elementor-widget-image\" data-id=\"713383c\" data-element_type=\"widget\" data-widget_type=\"image.default\">\n\t\t\t\t<div class=\"elementor-widget-container\">\n\t\t\t\t\t\t\t\t\t\t\t\t\t\t\t\t<a href=\"https:\/\/mademoisellejules.fr\/en\/\">\n\t\t\t\t\t\t\t<img loading=\"lazy\" decoding=\"async\" width=\"268\" height=\"235\" src=\"https:\/\/mademoisellejules.fr\/wp-content\/uploads\/2024\/10\/hero04logo.png\" class=\"attachment-full size-full wp-image-1255\" alt=\"\" \/>\t\t\t\t\t\t\t\t<\/a>\n\t\t\t\t\t\t\t\t\t\t\t\t\t\t\t<\/div>\n\t\t\t\t<\/div>\n\t\t\t\t<div class=\"elementor-element elementor-element-8139af3 elementor-widget elementor-widget-image\" data-id=\"8139af3\" data-element_type=\"widget\" data-widget_type=\"image.default\">\n\t\t\t\t<div class=\"elementor-widget-container\">\n\t\t\t\t\t\t\t\t\t\t\t\t\t\t\t\t<a href=\"https:\/\/www.expoflora.fr\/\">\n\t\t\t\t\t\t\t<img loading=\"lazy\" decoding=\"async\" width=\"224\" height=\"160\" src=\"https:\/\/mademoisellejules.fr\/wp-content\/uploads\/2024\/10\/hero01logo.png\" class=\"attachment-full size-full wp-image-1252\" alt=\"\" \/>\t\t\t\t\t\t\t\t<\/a>\n\t\t\t\t\t\t\t\t\t\t\t\t\t\t\t<\/div>\n\t\t\t\t<\/div>\n\t\t\t\t<\/div>\n\t\t<div class=\"elementor-element elementor-element-31ccc9a e-flex e-con-boxed e-con e-child\" data-id=\"31ccc9a\" data-element_type=\"container\">\n\t\t\t\t\t<div class=\"e-con-inner\">\n\t\t\t\t<div class=\"elementor-element elementor-element-d3d87fa e-grid-align-right elementor-shape-rounded elementor-grid-0 elementor-widget elementor-widget-social-icons\" data-id=\"d3d87fa\" data-element_type=\"widget\" data-widget_type=\"social-icons.default\">\n\t\t\t\t<div class=\"elementor-widget-container\">\n\t\t\t\t\t\t\t<div class=\"elementor-social-icons-wrapper elementor-grid\" role=\"list\">\n\t\t\t\t\t\t\t<span class=\"elementor-grid-item\" role=\"listitem\">\n\t\t\t\t\t<a class=\"elementor-icon elementor-social-icon elementor-social-icon-facebook-f elementor-repeater-item-f126a7e\" href=\"https:\/\/www.facebook.com\/people\/Groupe-Garden-Expo\/100086475414346\/\" target=\"_blank\">\n\t\t\t\t\t\t<span class=\"elementor-screen-only\">Facebook-f<\/span>\n\t\t\t\t\t\t<svg aria-hidden=\"true\" class=\"e-font-icon-svg e-fab-facebook-f\" viewbox=\"0 0 320 512\" xmlns=\"http:\/\/www.w3.org\/2000\/svg\"><path d=\"M279.14 288l14.22-92.66h-88.91v-60.13c0-25.35 12.42-50.06 52.24-50.06h40.42V6.26S260.43 0 225.36 0c-73.22 0-121.08 44.38-121.08 124.72v70.62H22.89V288h81.39v224h100.17V288z\"><\/path><\/svg>\t\t\t\t\t<\/a>\n\t\t\t\t<\/span>\n\t\t\t\t\t\t\t<span class=\"elementor-grid-item\" role=\"listitem\">\n\t\t\t\t\t<a class=\"elementor-icon elementor-social-icon elementor-social-icon-instagram elementor-repeater-item-9049cb4\" href=\"https:\/\/www.instagram.com\/groupegarden\/\" target=\"_blank\">\n\t\t\t\t\t\t<span class=\"elementor-screen-only\">Instagram<\/span>\n\t\t\t\t\t\t<svg aria-hidden=\"true\" class=\"e-font-icon-svg e-fab-instagram\" viewbox=\"0 0 448 512\" xmlns=\"http:\/\/www.w3.org\/2000\/svg\"><path d=\"M224.1 141c-63.6 0-114.9 51.3-114.9 114.9s51.3 114.9 114.9 114.9S339 319.5 339 255.9 287.7 141 224.1 141zm0 189.6c-41.1 0-74.7-33.5-74.7-74.7s33.5-74.7 74.7-74.7 74.7 33.5 74.7 74.7-33.6 74.7-74.7 74.7zm146.4-194.3c0 14.9-12 26.8-26.8 26.8-14.9 0-26.8-12-26.8-26.8s12-26.8 26.8-26.8 26.8 12 26.8 26.8zm76.1 27.2c-1.7-35.9-9.9-67.7-36.2-93.9-26.2-26.2-58-34.4-93.9-36.2-37-2.1-147.9-2.1-184.9 0-35.8 1.7-67.6 9.9-93.9 36.1s-34.4 58-36.2 93.9c-2.1 37-2.1 147.9 0 184.9 1.7 35.9 9.9 67.7 36.2 93.9s58 34.4 93.9 36.2c37 2.1 147.9 2.1 184.9 0 35.9-1.7 67.7-9.9 93.9-36.2 26.2-26.2 34.4-58 36.2-93.9 2.1-37 2.1-147.8 0-184.8zM398.8 388c-7.8 19.6-22.9 34.7-42.6 42.6-29.5 11.7-99.5 9-132.1 9s-102.7 2.6-132.1-9c-19.6-7.8-34.7-22.9-42.6-42.6-11.7-29.5-9-99.5-9-132.1s-2.6-102.7 9-132.1c7.8-19.6 22.9-34.7 42.6-42.6 29.5-11.7 99.5-9 132.1-9s102.7-2.6 132.1 9c19.6 7.8 34.7 22.9 42.6 42.6 11.7 29.5 9 99.5 9 132.1s2.7 102.7-9 132.1z\"><\/path><\/svg>\t\t\t\t\t<\/a>\n\t\t\t\t<\/span>\n\t\t\t\t\t\t\t<span class=\"elementor-grid-item\" role=\"listitem\">\n\t\t\t\t\t<a class=\"elementor-icon elementor-social-icon elementor-social-icon-linkedin elementor-repeater-item-4aaeea3\" href=\"https:\/\/www.linkedin.com\/company\/groupe-garden1\/posts\/?feedView=all\" target=\"_blank\">\n\t\t\t\t\t\t<span class=\"elementor-screen-only\">Linkedin<\/span>\n\t\t\t\t\t\t<svg aria-hidden=\"true\" class=\"e-font-icon-svg e-fab-linkedin\" viewbox=\"0 0 448 512\" xmlns=\"http:\/\/www.w3.org\/2000\/svg\"><path d=\"M416 32H31.9C14.3 32 0 46.5 0 64.3v383.4C0 465.5 14.3 480 31.9 480H416c17.6 0 32-14.5 32-32.3V64.3c0-17.8-14.4-32.3-32-32.3zM135.4 416H69V202.2h66.5V416zm-33.2-243c-21.3 0-38.5-17.3-38.5-38.5S80.9 96 102.2 96c21.2 0 38.5 17.3 38.5 38.5 0 21.3-17.2 38.5-38.5 38.5zm282.1 243h-66.4V312c0-24.8-.5-56.7-34.5-56.7-34.6 0-39.9 27-39.9 54.9V416h-66.4V202.2h63.7v29.2h.9c8.9-16.8 30.6-34.5 62.9-34.5 67.2 0 79.7 44.3 79.7 101.9V416z\"><\/path><\/svg>\t\t\t\t\t<\/a>\n\t\t\t\t<\/span>\n\t\t\t\t\t<\/div>\n\t\t\t\t\t\t<\/div>\n\t\t\t\t<\/div>\n\t\t\t\t\t<\/div>\n\t\t\t\t<\/div>\n\t\t\t\t\t<\/div>\n\t\t\t\t<\/div>\n\t\t<div class=\"elementor-element elementor-element-cb197e7 e-con-full e-flex e-con e-child\" data-id=\"cb197e7\" data-element_type=\"container\">\n\t\t<div class=\"elementor-element elementor-element-2c54ec0 e-con-full e-flex e-con e-child\" data-id=\"2c54ec0\" data-element_type=\"container\">\n\t\t\t\t<div class=\"elementor-element elementor-element-3880fde elementor-widget elementor-widget-heading\" data-id=\"3880fde\" data-element_type=\"widget\" data-widget_type=\"heading.default\">\n\t\t\t\t<div class=\"elementor-widget-container\">\n\t\t\t\t\t<span class=\"elementor-heading-title elementor-size-default\">Copyright GROUPE GARDEN 2024<\/span>\t\t\t\t<\/div>\n\t\t\t\t<\/div>\n\t\t\t\t<\/div>\n\t\t<div class=\"elementor-element elementor-element-0a593b9 e-con-full e-flex e-con e-child\" data-id=\"0a593b9\" data-element_type=\"container\">\n\t\t\t\t<div class=\"elementor-element elementor-element-02ac85d elementor-widget elementor-widget-heading\" data-id=\"02ac85d\" data-element_type=\"widget\" data-widget_type=\"heading.default\">\n\t\t\t\t<div class=\"elementor-widget-container\">\n\t\t\t\t\t<span class=\"elementor-heading-title elementor-size-default\"><a href=\"https:\/\/slush.fr\">Webdesign SLUSH.FR<\/a><\/span>\t\t\t\t<\/div>\n\t\t\t\t<\/div>\n\t\t\t\t<\/div>\n\t\t\t\t<\/div>\n\t\t\t\t\t<\/div>\n\t\t\t\t<\/div>\n\t\t\t\t<\/div>","protected":false},"excerpt":{"rendered":"<p>Mentions l\u00e9gales Propri\u00e9taire du site :Mademoiselle Jules36 rue de Saint Martin, 77580 VoulangisSIRET : 533 861 688 00018Email : info@groupegarden.fr Directeur de la publication :Laurent OrecchiniGarden Expo H\u00e9bergeur :GROUPE CELESTE &#8211; Nuxit 20 rue Albert Einstein, 77420 Champs sur Marne Droits d\u2019auteur et propri\u00e9t\u00e9 intellectuelle :Le contenu du site (textes, images, graphismes, logo, ic\u00f4nes, etc.) [&hellip;]<\/p>","protected":false},"author":1,"featured_media":0,"parent":0,"menu_order":0,"comment_status":"closed","ping_status":"closed","template":"elementor_header_footer","meta":{"footnotes":""},"class_list":["post-2938","page","type-page","status-publish","hentry"],"yoast_head":"<!-- This site is optimized with the Yoast SEO plugin v26.6 - https:\/\/yoast.com\/wordpress\/plugins\/seo\/ -->\n<title>MADEMOISELLE JULES - Mentions l\u00e9gales<\/title>\n<meta name=\"description\" content=\"Sp\u00e9cialiste en organisation d&#039;\u00e9v\u00e9nements priv\u00e9s, cr\u00e9e des exp\u00e9riences florales uniques pour sublimer vos espaces et marquer les esprits lors de vos r\u00e9ceptions et c\u00e9l\u00e9brations.\" \/>\n<meta name=\"robots\" content=\"index, follow, max-snippet:-1, max-image-preview:large, max-video-preview:-1\" \/>\n<link rel=\"canonical\" href=\"https:\/\/mademoisellejules.fr\/en\/mentions-legales\/\" \/>\n<meta property=\"og:locale\" content=\"en_GB\" \/>\n<meta property=\"og:type\" content=\"article\" \/>\n<meta property=\"og:title\" content=\"MADEMOISELLE JULES - Mentions l\u00e9gales\" \/>\n<meta property=\"og:description\" content=\"Sp\u00e9cialiste en organisation d&#039;\u00e9v\u00e9nements priv\u00e9s, cr\u00e9e des exp\u00e9riences florales uniques pour sublimer vos espaces et marquer les esprits lors de vos r\u00e9ceptions et c\u00e9l\u00e9brations.\" \/>\n<meta property=\"og:url\" content=\"https:\/\/mademoisellejules.fr\/en\/mentions-legales\/\" \/>\n<meta property=\"og:site_name\" content=\"MADEMOISELLE JULES\" \/>\n<meta property=\"article:modified_time\" content=\"2025-02-24T14:42:21+00:00\" \/>\n<meta property=\"og:image\" content=\"https:\/\/mademoisellejules.fr\/wp-content\/uploads\/2024\/10\/menu-toggle.png\" \/>\n\t<meta property=\"og:image:width\" content=\"39\" \/>\n\t<meta property=\"og:image:height\" content=\"28\" \/>\n\t<meta property=\"og:image:type\" content=\"image\/png\" \/>\n<meta name=\"twitter:card\" content=\"summary_large_image\" \/>\n<meta name=\"twitter:label1\" content=\"Estimated reading time\" \/>\n\t<meta name=\"twitter:data1\" content=\"3 minutes\" \/>\n<script type=\"application\/ld+json\" class=\"yoast-schema-graph\">{\"@context\":\"https:\/\/schema.org\",\"@graph\":[{\"@type\":\"WebPage\",\"@id\":\"https:\/\/mademoisellejules.fr\/mentions-legales\/\",\"url\":\"https:\/\/mademoisellejules.fr\/mentions-legales\/\",\"name\":\"MADEMOISELLE JULES - Mentions l\u00e9gales\",\"isPartOf\":{\"@id\":\"https:\/\/mademoisellejules.fr\/#website\"},\"primaryImageOfPage\":{\"@id\":\"https:\/\/mademoisellejules.fr\/mentions-legales\/#primaryimage\"},\"image\":{\"@id\":\"https:\/\/mademoisellejules.fr\/mentions-legales\/#primaryimage\"},\"thumbnailUrl\":\"https:\/\/mademoisellejules.fr\/wp-content\/uploads\/2024\/10\/menu-toggle.png\",\"datePublished\":\"2025-02-24T14:04:50+00:00\",\"dateModified\":\"2025-02-24T14:42:21+00:00\",\"description\":\"Sp\u00e9cialiste en organisation d'\u00e9v\u00e9nements priv\u00e9s, cr\u00e9e des exp\u00e9riences florales uniques pour sublimer vos espaces et marquer les esprits lors de vos r\u00e9ceptions et c\u00e9l\u00e9brations.\",\"breadcrumb\":{\"@id\":\"https:\/\/mademoisellejules.fr\/mentions-legales\/#breadcrumb\"},\"inLanguage\":\"en-GB\",\"potentialAction\":[{\"@type\":\"ReadAction\",\"target\":[\"https:\/\/mademoisellejules.fr\/mentions-legales\/\"]}]},{\"@type\":\"ImageObject\",\"inLanguage\":\"en-GB\",\"@id\":\"https:\/\/mademoisellejules.fr\/mentions-legales\/#primaryimage\",\"url\":\"https:\/\/mademoisellejules.fr\/wp-content\/uploads\/2024\/10\/menu-toggle.png\",\"contentUrl\":\"https:\/\/mademoisellejules.fr\/wp-content\/uploads\/2024\/10\/menu-toggle.png\"},{\"@type\":\"BreadcrumbList\",\"@id\":\"https:\/\/mademoisellejules.fr\/mentions-legales\/#breadcrumb\",\"itemListElement\":[{\"@type\":\"ListItem\",\"position\":1,\"name\":\"Accueil\",\"item\":\"https:\/\/mademoisellejules.fr\/\"},{\"@type\":\"ListItem\",\"position\":2,\"name\":\"Mentions l\u00e9gales\"}]},{\"@type\":\"WebSite\",\"@id\":\"https:\/\/mademoisellejules.fr\/#website\",\"url\":\"https:\/\/mademoisellejules.fr\/\",\"name\":\"MADEMOISELLE JULES\",\"description\":\"Design floral, paysagisme d&#039;int\u00e9rieur, location de plante\",\"potentialAction\":[{\"@type\":\"SearchAction\",\"target\":{\"@type\":\"EntryPoint\",\"urlTemplate\":\"https:\/\/mademoisellejules.fr\/?s={search_term_string}\"},\"query-input\":{\"@type\":\"PropertyValueSpecification\",\"valueRequired\":true,\"valueName\":\"search_term_string\"}}],\"inLanguage\":\"en-GB\"}]}<\/script>\n<!-- \/ Yoast SEO plugin. -->","yoast_head_json":{"title":"MADEMOISELLE JULES - Mentions l\u00e9gales","description":"Sp\u00e9cialiste en organisation d'\u00e9v\u00e9nements priv\u00e9s, cr\u00e9e des exp\u00e9riences florales uniques pour sublimer vos espaces et marquer les esprits lors de vos r\u00e9ceptions et c\u00e9l\u00e9brations.","robots":{"index":"index","follow":"follow","max-snippet":"max-snippet:-1","max-image-preview":"max-image-preview:large","max-video-preview":"max-video-preview:-1"},"canonical":"https:\/\/mademoisellejules.fr\/en\/mentions-legales\/","og_locale":"en_GB","og_type":"article","og_title":"MADEMOISELLE JULES - Mentions l\u00e9gales","og_description":"Sp\u00e9cialiste en organisation d'\u00e9v\u00e9nements priv\u00e9s, cr\u00e9e des exp\u00e9riences florales uniques pour sublimer vos espaces et marquer les esprits lors de vos r\u00e9ceptions et c\u00e9l\u00e9brations.","og_url":"https:\/\/mademoisellejules.fr\/en\/mentions-legales\/","og_site_name":"MADEMOISELLE JULES","article_modified_time":"2025-02-24T14:42:21+00:00","og_image":[{"width":39,"height":28,"url":"https:\/\/mademoisellejules.fr\/wp-content\/uploads\/2024\/10\/menu-toggle.png","type":"image\/png"}],"twitter_card":"summary_large_image","twitter_misc":{"Estimated reading time":"3 minutes"},"schema":{"@context":"https:\/\/schema.org","@graph":[{"@type":"WebPage","@id":"https:\/\/mademoisellejules.fr\/mentions-legales\/","url":"https:\/\/mademoisellejules.fr\/mentions-legales\/","name":"MADEMOISELLE JULES - Mentions l\u00e9gales","isPartOf":{"@id":"https:\/\/mademoisellejules.fr\/#website"},"primaryImageOfPage":{"@id":"https:\/\/mademoisellejules.fr\/mentions-legales\/#primaryimage"},"image":{"@id":"https:\/\/mademoisellejules.fr\/mentions-legales\/#primaryimage"},"thumbnailUrl":"https:\/\/mademoisellejules.fr\/wp-content\/uploads\/2024\/10\/menu-toggle.png","datePublished":"2025-02-24T14:04:50+00:00","dateModified":"2025-02-24T14:42:21+00:00","description":"Sp\u00e9cialiste en organisation d'\u00e9v\u00e9nements priv\u00e9s, cr\u00e9e des exp\u00e9riences florales uniques pour sublimer vos espaces et marquer les esprits lors de vos r\u00e9ceptions et c\u00e9l\u00e9brations.","breadcrumb":{"@id":"https:\/\/mademoisellejules.fr\/mentions-legales\/#breadcrumb"},"inLanguage":"en-GB","potentialAction":[{"@type":"ReadAction","target":["https:\/\/mademoisellejules.fr\/mentions-legales\/"]}]},{"@type":"ImageObject","inLanguage":"en-GB","@id":"https:\/\/mademoisellejules.fr\/mentions-legales\/#primaryimage","url":"https:\/\/mademoisellejules.fr\/wp-content\/uploads\/2024\/10\/menu-toggle.png","contentUrl":"https:\/\/mademoisellejules.fr\/wp-content\/uploads\/2024\/10\/menu-toggle.png"},{"@type":"BreadcrumbList","@id":"https:\/\/mademoisellejules.fr\/mentions-legales\/#breadcrumb","itemListElement":[{"@type":"ListItem","position":1,"name":"Accueil","item":"https:\/\/mademoisellejules.fr\/"},{"@type":"ListItem","position":2,"name":"Mentions l\u00e9gales"}]},{"@type":"WebSite","@id":"https:\/\/mademoisellejules.fr\/#website","url":"https:\/\/mademoisellejules.fr\/","name":"MADEMOISELLE JULES","description":"Design floral, paysagisme d&#039;int\u00e9rieur, location de plante","potentialAction":[{"@type":"SearchAction","target":{"@type":"EntryPoint","urlTemplate":"https:\/\/mademoisellejules.fr\/?s={search_term_string}"},"query-input":{"@type":"PropertyValueSpecification","valueRequired":true,"valueName":"search_term_string"}}],"inLanguage":"en-GB"}]}},"_links":{"self":[{"href":"https:\/\/mademoisellejules.fr\/en\/wp-json\/wp\/v2\/pages\/2938","targetHints":{"allow":["GET"]}}],"collection":[{"href":"https:\/\/mademoisellejules.fr\/en\/wp-json\/wp\/v2\/pages"}],"about":[{"href":"https:\/\/mademoisellejules.fr\/en\/wp-json\/wp\/v2\/types\/page"}],"author":[{"embeddable":true,"href":"https:\/\/mademoisellejules.fr\/en\/wp-json\/wp\/v2\/users\/1"}],"replies":[{"embeddable":true,"href":"https:\/\/mademoisellejules.fr\/en\/wp-json\/wp\/v2\/comments?post=2938"}],"version-history":[{"count":5,"href":"https:\/\/mademoisellejules.fr\/en\/wp-json\/wp\/v2\/pages\/2938\/revisions"}],"predecessor-version":[{"id":2964,"href":"https:\/\/mademoisellejules.fr\/en\/wp-json\/wp\/v2\/pages\/2938\/revisions\/2964"}],"wp:attachment":[{"href":"https:\/\/mademoisellejules.fr\/en\/wp-json\/wp\/v2\/media?parent=2938"}],"curies":[{"name":"wp","href":"https:\/\/api.w.org\/{rel}","templated":true}]}}