{"id":2083,"date":"2024-11-06T09:10:34","date_gmt":"2024-11-06T09:10:34","guid":{"rendered":"https:\/\/mademoisellejules.fr\/?page_id=2083"},"modified":"2025-05-05T08:43:15","modified_gmt":"2025-05-05T08:43:15","slug":"mademoiselle-jules","status":"publish","type":"page","link":"https:\/\/mademoisellejules.fr\/en\/","title":{"rendered":"MADEMOISELLE JULES"},"content":{"rendered":"<div data-elementor-type=\"wp-page\" data-elementor-id=\"2083\" class=\"elementor elementor-2083\" data-elementor-post-type=\"page\">\n\t\t\t\t<div class=\"elementor-element elementor-element-a6187cb e-con-full pageHead e-flex e-con e-parent\" data-id=\"a6187cb\" data-element_type=\"container\" data-settings=\"{&quot;background_background&quot;:&quot;classic&quot;}\">\n\t\t<div class=\"elementor-element elementor-element-9abf8e5 e-con-full e-flex e-con e-child\" data-id=\"9abf8e5\" data-element_type=\"container\">\n\t\t\t\t<div class=\"elementor-element elementor-element-1102525 elementor-widget elementor-widget-image\" data-id=\"1102525\" data-element_type=\"widget\" data-widget_type=\"image.default\">\n\t\t\t\t<div class=\"elementor-widget-container\">\n\t\t\t\t\t\t\t\t\t\t\t\t\t\t\t\t<a href=\"#elementor-action%3Aaction%3Dpopup%3Aopen%26settings%3DeyJpZCI6IjE2MDIiLCJ0b2dnbGUiOmZhbHNlfQ%3D%3D\">\n\t\t\t\t\t\t\t<img decoding=\"async\" width=\"39\" height=\"28\" src=\"https:\/\/mademoisellejules.fr\/wp-content\/uploads\/2024\/10\/menu-toggle.png\" class=\"attachment-full size-full wp-image-1608\" alt=\"\" \/>\t\t\t\t\t\t\t\t<\/a>\n\t\t\t\t\t\t\t\t\t\t\t\t\t\t\t<\/div>\n\t\t\t\t<\/div>\n\t\t\t\t<\/div>\n\t\t<div class=\"elementor-element elementor-element-6d5cc5c e-con-full e-flex e-con e-child\" data-id=\"6d5cc5c\" data-element_type=\"container\">\n\t\t\t\t<div class=\"elementor-element elementor-element-cb61fb6 elementor-widget elementor-widget-image\" data-id=\"cb61fb6\" data-element_type=\"widget\" data-widget_type=\"image.default\">\n\t\t\t\t<div class=\"elementor-widget-container\">\n\t\t\t\t\t\t\t\t\t\t\t\t\t\t\t\t<a href=\"https:\/\/mademoisellejules.fr\/en\/\">\n\t\t\t\t\t\t\t<img decoding=\"async\" width=\"266\" height=\"185\" src=\"https:\/\/mademoisellejules.fr\/wp-content\/uploads\/2024\/11\/mademoiselle-jules.png\" class=\"attachment-full size-full wp-image-2106\" alt=\"\" \/>\t\t\t\t\t\t\t\t<\/a>\n\t\t\t\t\t\t\t\t\t\t\t\t\t\t\t<\/div>\n\t\t\t\t<\/div>\n\t\t\t\t<\/div>\n\t\t<div class=\"elementor-element elementor-element-ea482e6 e-con-full e-flex e-con e-child\" data-id=\"ea482e6\" data-element_type=\"container\">\n\t\t\t\t<div class=\"elementor-element elementor-element-682b6b9 elementor-nav-menu--dropdown-none elementor-hidden-mobile elementor-widget elementor-widget-nav-menu\" data-id=\"682b6b9\" data-element_type=\"widget\" data-settings=\"{&quot;layout&quot;:&quot;horizontal&quot;,&quot;submenu_icon&quot;:{&quot;value&quot;:&quot;&lt;svg aria-hidden=\\&quot;true\\&quot; class=\\&quot;e-font-icon-svg e-fas-caret-down\\&quot; viewBox=\\&quot;0 0 320 512\\&quot; xmlns=\\&quot;http:\\\/\\\/www.w3.org\\\/2000\\\/svg\\&quot;&gt;&lt;path d=\\&quot;M31.3 192h257.3c17.8 0 26.7 21.5 14.1 34.1L174.1 354.8c-7.8 7.8-20.5 7.8-28.3 0L17.2 226.1C4.6 213.5 13.5 192 31.3 192z\\&quot;&gt;&lt;\\\/path&gt;&lt;\\\/svg&gt;&quot;,&quot;library&quot;:&quot;fa-solid&quot;}}\" data-widget_type=\"nav-menu.default\">\n\t\t\t\t<div class=\"elementor-widget-container\">\n\t\t\t\t\t\t\t\t<nav aria-label=\"Menu\" class=\"elementor-nav-menu--main elementor-nav-menu__container elementor-nav-menu--layout-horizontal e--pointer-none\">\n\t\t\t\t<ul id=\"menu-1-682b6b9\" class=\"elementor-nav-menu\"><li class=\"trp-language-switcher-container menu-item menu-item-type-post_type menu-item-object-language_switcher current-language-menu-item menu-item-2951\"><a href=\"https:\/\/mademoisellejules.fr\/en\/wp-json\/wp\/v2\/pages\/2083\" class=\"elementor-item elementor-item-anchor\"><span data-no-translation><span class=\"trp-ls-language-name\">FR<\/span><\/span><\/a><\/li>\n<li class=\"trp-language-switcher-container menu-item menu-item-type-post_type menu-item-object-language_switcher current-language-menu-item menu-item-2950\"><a href=\"https:\/\/mademoisellejules.fr\/en\/wp-json\/wp\/v2\/pages\/2083\" class=\"elementor-item elementor-item-anchor\"><span data-no-translation><span class=\"trp-ls-language-name\">EN<\/span><\/span><\/a><\/li>\n<\/ul>\t\t\t<\/nav>\n\t\t\t\t\t\t<nav class=\"elementor-nav-menu--dropdown elementor-nav-menu__container\" aria-hidden=\"true\">\n\t\t\t\t<ul id=\"menu-2-682b6b9\" class=\"elementor-nav-menu\"><li class=\"trp-language-switcher-container menu-item menu-item-type-post_type menu-item-object-language_switcher current-language-menu-item menu-item-2951\"><a href=\"https:\/\/mademoisellejules.fr\/en\/wp-json\/wp\/v2\/pages\/2083\" class=\"elementor-item elementor-item-anchor\" tabindex=\"-1\"><span data-no-translation><span class=\"trp-ls-language-name\">FR<\/span><\/span><\/a><\/li>\n<li class=\"trp-language-switcher-container menu-item menu-item-type-post_type menu-item-object-language_switcher current-language-menu-item menu-item-2950\"><a href=\"https:\/\/mademoisellejules.fr\/en\/wp-json\/wp\/v2\/pages\/2083\" class=\"elementor-item elementor-item-anchor\" tabindex=\"-1\"><span data-no-translation><span class=\"trp-ls-language-name\">EN<\/span><\/span><\/a><\/li>\n<\/ul>\t\t\t<\/nav>\n\t\t\t\t\t\t<\/div>\n\t\t\t\t<\/div>\n\t\t\t\t<\/div>\n\t\t\t\t<\/div>\n\t\t<div class=\"elementor-element elementor-element-3ec21a3 e-con-full bannerhero e-flex e-con e-parent\" data-id=\"3ec21a3\" data-element_type=\"container\">\n\t\t<a class=\"elementor-element elementor-element-b996bb0 e-con-full animated-slow e-flex elementor-invisible e-con e-child\" data-id=\"b996bb0\" data-element_type=\"container\" data-settings=\"{&quot;background_background&quot;:&quot;classic&quot;,&quot;animation&quot;:&quot;fadeInDown&quot;}\" href=\"https:\/\/mademoisellejules.fr\/en\/evenements-corporate\/\">\n\t\t\t\t<div class=\"elementor-element elementor-element-1bdb130 animated-slow elementor-invisible elementor-widget elementor-widget-heading\" data-id=\"1bdb130\" data-element_type=\"widget\" data-settings=\"{&quot;_animation&quot;:&quot;fadeInUp&quot;,&quot;_animation_delay&quot;:200}\" data-widget_type=\"heading.default\">\n\t\t\t\t<div class=\"elementor-widget-container\">\n\t\t\t\t\t<h3 class=\"elementor-heading-title elementor-size-default translation-block\">CORPORATE<br>EVENTS<\/h3>\t\t\t\t<\/div>\n\t\t\t\t<\/div>\n\t\t\t\t<\/a>\n\t\t<a class=\"elementor-element elementor-element-b206cc3 e-con-full animated-slow e-flex elementor-invisible e-con e-child\" data-id=\"b206cc3\" data-element_type=\"container\" data-settings=\"{&quot;background_background&quot;:&quot;classic&quot;,&quot;animation&quot;:&quot;fadeInDown&quot;,&quot;animation_delay&quot;:200}\" href=\"https:\/\/mademoisellejules.fr\/en\/evenements-prives\/\">\n\t\t\t\t<div class=\"elementor-element elementor-element-cd06f82 animated-slow elementor-invisible elementor-widget elementor-widget-heading\" data-id=\"cd06f82\" data-element_type=\"widget\" data-settings=\"{&quot;_animation&quot;:&quot;fadeInUp&quot;,&quot;_animation_delay&quot;:200}\" data-widget_type=\"heading.default\">\n\t\t\t\t<div class=\"elementor-widget-container\">\n\t\t\t\t\t<h3 class=\"elementor-heading-title elementor-size-default translation-block\">PRIVATE<br>EVENTS<\/h3>\t\t\t\t<\/div>\n\t\t\t\t<\/div>\n\t\t\t\t<\/a>\n\t\t<a class=\"elementor-element elementor-element-004aa93 e-con-full animated-slow e-flex elementor-invisible e-con e-child\" data-id=\"004aa93\" data-element_type=\"container\" data-settings=\"{&quot;background_background&quot;:&quot;classic&quot;,&quot;animation&quot;:&quot;fadeInDown&quot;,&quot;animation_delay&quot;:400}\" href=\"https:\/\/mademoisellejules.fr\/en\/hotellerie-de-luxe\/\">\n\t\t\t\t<div class=\"elementor-element elementor-element-59dea7a animated-slow elementor-invisible elementor-widget elementor-widget-heading\" data-id=\"59dea7a\" data-element_type=\"widget\" data-settings=\"{&quot;_animation&quot;:&quot;fadeInUp&quot;,&quot;_animation_delay&quot;:200}\" data-widget_type=\"heading.default\">\n\t\t\t\t<div class=\"elementor-widget-container\">\n\t\t\t\t\t<h3 class=\"elementor-heading-title elementor-size-default translation-block\">LUXURY<br>HOTEL<\/h3>\t\t\t\t<\/div>\n\t\t\t\t<\/div>\n\t\t\t\t<\/a>\n\t\t\t\t<\/div>\n\t\t<div class=\"elementor-element elementor-element-4ee9f6a e-flex e-con-boxed e-con e-parent\" data-id=\"4ee9f6a\" data-element_type=\"container\" data-settings=\"{&quot;background_background&quot;:&quot;classic&quot;}\">\n\t\t\t\t\t<div class=\"e-con-inner\">\n\t\t<div class=\"elementor-element elementor-element-5fdf9c2 e-flex e-con-boxed e-con e-child\" data-id=\"5fdf9c2\" data-element_type=\"container\">\n\t\t\t\t\t<div class=\"e-con-inner\">\n\t\t<div class=\"elementor-element elementor-element-fcf0648 e-con-full e-flex e-con e-child\" data-id=\"fcf0648\" data-element_type=\"container\">\n\t\t\t\t<div class=\"elementor-element elementor-element-8a6d416 elementor-widget elementor-widget-image\" data-id=\"8a6d416\" data-element_type=\"widget\" data-widget_type=\"image.default\">\n\t\t\t\t<div class=\"elementor-widget-container\">\n\t\t\t\t\t\t\t\t\t\t\t\t\t\t\t<img fetchpriority=\"high\" decoding=\"async\" width=\"486\" height=\"114\" src=\"https:\/\/mademoisellejules.fr\/wp-content\/uploads\/2024\/10\/web-logo.png\" class=\"attachment-full size-full wp-image-1257\" alt=\"\" srcset=\"https:\/\/mademoisellejules.fr\/wp-content\/uploads\/2024\/10\/web-logo.png 486w, https:\/\/mademoisellejules.fr\/wp-content\/uploads\/2024\/10\/web-logo-300x70.png 300w\" sizes=\"(max-width: 486px) 100vw, 486px\" \/>\t\t\t\t\t\t\t\t\t\t\t\t\t\t\t<\/div>\n\t\t\t\t<\/div>\n\t\t\t\t<\/div>\n\t\t<div class=\"elementor-element elementor-element-2e6452c e-con-full e-flex e-con e-child\" data-id=\"2e6452c\" data-element_type=\"container\">\n\t\t\t\t<div class=\"elementor-element elementor-element-1905a20 elementor-widget elementor-widget-image\" data-id=\"1905a20\" data-element_type=\"widget\" data-widget_type=\"image.default\">\n\t\t\t\t<div class=\"elementor-widget-container\">\n\t\t\t\t\t\t\t\t\t\t\t\t\t\t\t\t<a href=\"https:\/\/www.expoflora.fr\/\">\n\t\t\t\t\t\t\t<img loading=\"lazy\" decoding=\"async\" width=\"224\" height=\"160\" src=\"https:\/\/mademoisellejules.fr\/wp-content\/uploads\/2024\/10\/hero01logo.png\" class=\"attachment-full size-full wp-image-1252\" alt=\"\" \/>\t\t\t\t\t\t\t\t<\/a>\n\t\t\t\t\t\t\t\t\t\t\t\t\t\t\t<\/div>\n\t\t\t\t<\/div>\n\t\t\t\t<div class=\"elementor-element elementor-element-6ff79be elementor-widget elementor-widget-image\" data-id=\"6ff79be\" data-element_type=\"widget\" data-widget_type=\"image.default\">\n\t\t\t\t<div class=\"elementor-widget-container\">\n\t\t\t\t\t\t\t\t\t\t\t\t\t\t\t\t<a href=\"http:\/\/garden-expo.fr\/\">\n\t\t\t\t\t\t\t<img loading=\"lazy\" decoding=\"async\" width=\"280\" height=\"136\" src=\"https:\/\/mademoisellejules.fr\/wp-content\/uploads\/2024\/10\/hero02logo.png\" class=\"attachment-full size-full wp-image-1253\" alt=\"\" \/>\t\t\t\t\t\t\t\t<\/a>\n\t\t\t\t\t\t\t\t\t\t\t\t\t\t\t<\/div>\n\t\t\t\t<\/div>\n\t\t\t\t<div class=\"elementor-element elementor-element-bbccb7e elementor-widget elementor-widget-image\" data-id=\"bbccb7e\" data-element_type=\"widget\" data-widget_type=\"image.default\">\n\t\t\t\t<div class=\"elementor-widget-container\">\n\t\t\t\t\t\t\t\t\t\t\t\t\t\t\t\t<a href=\"#\">\n\t\t\t\t\t\t\t<img loading=\"lazy\" decoding=\"async\" width=\"280\" height=\"115\" src=\"https:\/\/mademoisellejules.fr\/wp-content\/uploads\/2024\/10\/hero03logo.png\" class=\"attachment-full size-full wp-image-1254\" alt=\"\" \/>\t\t\t\t\t\t\t\t<\/a>\n\t\t\t\t\t\t\t\t\t\t\t\t\t\t\t<\/div>\n\t\t\t\t<\/div>\n\t\t\t\t<div class=\"elementor-element elementor-element-440645b elementor-widget elementor-widget-image\" data-id=\"440645b\" data-element_type=\"widget\" data-widget_type=\"image.default\">\n\t\t\t\t<div class=\"elementor-widget-container\">\n\t\t\t\t\t\t\t\t\t\t\t\t\t\t\t\t<a href=\"https:\/\/mademoisellejules.fr\/en\/\">\n\t\t\t\t\t\t\t<img loading=\"lazy\" decoding=\"async\" width=\"268\" height=\"235\" src=\"https:\/\/mademoisellejules.fr\/wp-content\/uploads\/2024\/10\/hero04logo.png\" class=\"attachment-full size-full wp-image-1255\" alt=\"\" \/>\t\t\t\t\t\t\t\t<\/a>\n\t\t\t\t\t\t\t\t\t\t\t\t\t\t\t<\/div>\n\t\t\t\t<\/div>\n\t\t\t\t<\/div>\n\t\t<div class=\"elementor-element elementor-element-b7b1f7a e-flex e-con-boxed e-con e-child\" data-id=\"b7b1f7a\" data-element_type=\"container\">\n\t\t\t\t\t<div class=\"e-con-inner\">\n\t\t\t\t<div class=\"elementor-element elementor-element-8cd0914 e-grid-align-right elementor-shape-rounded elementor-grid-0 elementor-widget elementor-widget-social-icons\" data-id=\"8cd0914\" data-element_type=\"widget\" data-widget_type=\"social-icons.default\">\n\t\t\t\t<div class=\"elementor-widget-container\">\n\t\t\t\t\t\t\t<div class=\"elementor-social-icons-wrapper elementor-grid\" role=\"list\">\n\t\t\t\t\t\t\t<span class=\"elementor-grid-item\" role=\"listitem\">\n\t\t\t\t\t<a class=\"elementor-icon elementor-social-icon elementor-social-icon-facebook-f elementor-repeater-item-f126a7e\" href=\"https:\/\/www.facebook.com\/people\/Groupe-Garden-Expo\/100086475414346\/\" target=\"_blank\">\n\t\t\t\t\t\t<span class=\"elementor-screen-only\">Facebook-f<\/span>\n\t\t\t\t\t\t<svg aria-hidden=\"true\" class=\"e-font-icon-svg e-fab-facebook-f\" viewbox=\"0 0 320 512\" xmlns=\"http:\/\/www.w3.org\/2000\/svg\"><path d=\"M279.14 288l14.22-92.66h-88.91v-60.13c0-25.35 12.42-50.06 52.24-50.06h40.42V6.26S260.43 0 225.36 0c-73.22 0-121.08 44.38-121.08 124.72v70.62H22.89V288h81.39v224h100.17V288z\"><\/path><\/svg>\t\t\t\t\t<\/a>\n\t\t\t\t<\/span>\n\t\t\t\t\t\t\t<span class=\"elementor-grid-item\" role=\"listitem\">\n\t\t\t\t\t<a class=\"elementor-icon elementor-social-icon elementor-social-icon-instagram elementor-repeater-item-9049cb4\" href=\"https:\/\/www.instagram.com\/groupegarden\/\" target=\"_blank\">\n\t\t\t\t\t\t<span class=\"elementor-screen-only\">Instagram<\/span>\n\t\t\t\t\t\t<svg aria-hidden=\"true\" class=\"e-font-icon-svg e-fab-instagram\" viewbox=\"0 0 448 512\" xmlns=\"http:\/\/www.w3.org\/2000\/svg\"><path d=\"M224.1 141c-63.6 0-114.9 51.3-114.9 114.9s51.3 114.9 114.9 114.9S339 319.5 339 255.9 287.7 141 224.1 141zm0 189.6c-41.1 0-74.7-33.5-74.7-74.7s33.5-74.7 74.7-74.7 74.7 33.5 74.7 74.7-33.6 74.7-74.7 74.7zm146.4-194.3c0 14.9-12 26.8-26.8 26.8-14.9 0-26.8-12-26.8-26.8s12-26.8 26.8-26.8 26.8 12 26.8 26.8zm76.1 27.2c-1.7-35.9-9.9-67.7-36.2-93.9-26.2-26.2-58-34.4-93.9-36.2-37-2.1-147.9-2.1-184.9 0-35.8 1.7-67.6 9.9-93.9 36.1s-34.4 58-36.2 93.9c-2.1 37-2.1 147.9 0 184.9 1.7 35.9 9.9 67.7 36.2 93.9s58 34.4 93.9 36.2c37 2.1 147.9 2.1 184.9 0 35.9-1.7 67.7-9.9 93.9-36.2 26.2-26.2 34.4-58 36.2-93.9 2.1-37 2.1-147.8 0-184.8zM398.8 388c-7.8 19.6-22.9 34.7-42.6 42.6-29.5 11.7-99.5 9-132.1 9s-102.7 2.6-132.1-9c-19.6-7.8-34.7-22.9-42.6-42.6-11.7-29.5-9-99.5-9-132.1s-2.6-102.7 9-132.1c7.8-19.6 22.9-34.7 42.6-42.6 29.5-11.7 99.5-9 132.1-9s102.7-2.6 132.1 9c19.6 7.8 34.7 22.9 42.6 42.6 11.7 29.5 9 99.5 9 132.1s2.7 102.7-9 132.1z\"><\/path><\/svg>\t\t\t\t\t<\/a>\n\t\t\t\t<\/span>\n\t\t\t\t\t\t\t<span class=\"elementor-grid-item\" role=\"listitem\">\n\t\t\t\t\t<a class=\"elementor-icon elementor-social-icon elementor-social-icon-linkedin elementor-repeater-item-4aaeea3\" href=\"https:\/\/www.linkedin.com\/company\/groupe-garden1\/posts\/?feedView=all\" target=\"_blank\">\n\t\t\t\t\t\t<span class=\"elementor-screen-only\">Linkedin<\/span>\n\t\t\t\t\t\t<svg aria-hidden=\"true\" class=\"e-font-icon-svg e-fab-linkedin\" viewbox=\"0 0 448 512\" xmlns=\"http:\/\/www.w3.org\/2000\/svg\"><path d=\"M416 32H31.9C14.3 32 0 46.5 0 64.3v383.4C0 465.5 14.3 480 31.9 480H416c17.6 0 32-14.5 32-32.3V64.3c0-17.8-14.4-32.3-32-32.3zM135.4 416H69V202.2h66.5V416zm-33.2-243c-21.3 0-38.5-17.3-38.5-38.5S80.9 96 102.2 96c21.2 0 38.5 17.3 38.5 38.5 0 21.3-17.2 38.5-38.5 38.5zm282.1 243h-66.4V312c0-24.8-.5-56.7-34.5-56.7-34.6 0-39.9 27-39.9 54.9V416h-66.4V202.2h63.7v29.2h.9c8.9-16.8 30.6-34.5 62.9-34.5 67.2 0 79.7 44.3 79.7 101.9V416z\"><\/path><\/svg>\t\t\t\t\t<\/a>\n\t\t\t\t<\/span>\n\t\t\t\t\t<\/div>\n\t\t\t\t\t\t<\/div>\n\t\t\t\t<\/div>\n\t\t\t\t\t<\/div>\n\t\t\t\t<\/div>\n\t\t\t\t\t<\/div>\n\t\t\t\t<\/div>\n\t\t<div class=\"elementor-element elementor-element-eb32de2 e-con-full e-flex e-con e-child\" data-id=\"eb32de2\" data-element_type=\"container\">\n\t\t<div class=\"elementor-element elementor-element-fd598f2 e-con-full e-flex e-con e-child\" data-id=\"fd598f2\" data-element_type=\"container\">\n\t\t\t\t<div class=\"elementor-element elementor-element-006261c elementor-widget elementor-widget-heading\" data-id=\"006261c\" data-element_type=\"widget\" data-widget_type=\"heading.default\">\n\t\t\t\t<div class=\"elementor-widget-container\">\n\t\t\t\t\t<span class=\"elementor-heading-title elementor-size-default\">Copyright GROUPE GARDEN 2024<\/span>\t\t\t\t<\/div>\n\t\t\t\t<\/div>\n\t\t\t\t<\/div>\n\t\t<div class=\"elementor-element elementor-element-7010aad e-con-full e-flex e-con e-child\" data-id=\"7010aad\" data-element_type=\"container\">\n\t\t\t\t<div class=\"elementor-element elementor-element-c96f77f elementor-widget elementor-widget-heading\" data-id=\"c96f77f\" data-element_type=\"widget\" data-widget_type=\"heading.default\">\n\t\t\t\t<div class=\"elementor-widget-container\">\n\t\t\t\t\t<span class=\"elementor-heading-title elementor-size-default\"><a href=\"https:\/\/slush.fr\">Webdesign SLUSH.FR<\/a><\/span>\t\t\t\t<\/div>\n\t\t\t\t<\/div>\n\t\t\t\t<\/div>\n\t\t\t\t<\/div>\n\t\t\t\t\t<\/div>\n\t\t\t\t<\/div>\n\t\t\t\t<\/div>","protected":false},"excerpt":{"rendered":"<p>\u00c9V\u00c9NEMENTSCORPORATE \u00c9V\u00c9NEMENTSPRIV\u00c9S H\u00d4TELLERIEDE LUXE Facebook-f Instagram Linkedin Copyright GROUPE GARDEN 2024 Webdesign SLUSH.FR<\/p>","protected":false},"author":1,"featured_media":0,"parent":0,"menu_order":0,"comment_status":"closed","ping_status":"closed","template":"elementor_header_footer","meta":{"footnotes":""},"class_list":["post-2083","page","type-page","status-publish","hentry"],"yoast_head":"<!-- This site is optimized with the Yoast SEO plugin v26.6 - https:\/\/yoast.com\/wordpress\/plugins\/seo\/ -->\n<title>MADEMOISELLE JULES - Design Floral et D\u00e9coration v\u00e9g\u00e9tale d&#039;Int\u00e9rieur<\/title>\n<meta name=\"description\" content=\"Design Floral et D\u00e9coration v\u00e9g\u00e9tale d&#039;Int\u00e9rieur - Fleuriste pour vos mariages, \u00e9v\u00e9nements priv\u00e9s, \u00e9v\u00e9nements d&#039;entreprise sur la C\u00f4te d&#039;Azur.\" \/>\n<meta name=\"robots\" content=\"index, follow, max-snippet:-1, max-image-preview:large, max-video-preview:-1\" \/>\n<link rel=\"canonical\" href=\"https:\/\/mademoisellejules.fr\/en\/\" \/>\n<meta property=\"og:locale\" content=\"en_GB\" \/>\n<meta property=\"og:type\" content=\"article\" \/>\n<meta property=\"og:title\" content=\"MADEMOISELLE JULES - Design Floral et D\u00e9coration v\u00e9g\u00e9tale d&#039;Int\u00e9rieur\" \/>\n<meta property=\"og:description\" content=\"Design Floral et D\u00e9coration v\u00e9g\u00e9tale d&#039;Int\u00e9rieur - Fleuriste pour vos mariages, \u00e9v\u00e9nements priv\u00e9s, \u00e9v\u00e9nements d&#039;entreprise sur la C\u00f4te d&#039;Azur.\" \/>\n<meta property=\"og:url\" content=\"https:\/\/mademoisellejules.fr\/en\/\" \/>\n<meta property=\"og:site_name\" content=\"MADEMOISELLE JULES\" \/>\n<meta property=\"article:modified_time\" content=\"2025-05-05T08:43:15+00:00\" \/>\n<meta property=\"og:image\" content=\"https:\/\/mademoisellejules.fr\/wp-content\/uploads\/2024\/10\/menu-toggle.png\" \/>\n\t<meta property=\"og:image:width\" content=\"39\" \/>\n\t<meta property=\"og:image:height\" content=\"28\" \/>\n\t<meta property=\"og:image:type\" content=\"image\/png\" \/>\n<meta name=\"twitter:card\" content=\"summary_large_image\" \/>\n<meta name=\"twitter:label1\" content=\"Estimated reading time\" \/>\n\t<meta name=\"twitter:data1\" content=\"2 minutes\" \/>\n<script type=\"application\/ld+json\" class=\"yoast-schema-graph\">{\"@context\":\"https:\/\/schema.org\",\"@graph\":[{\"@type\":\"WebPage\",\"@id\":\"https:\/\/mademoisellejules.fr\/\",\"url\":\"https:\/\/mademoisellejules.fr\/\",\"name\":\"MADEMOISELLE JULES - Design Floral et D\u00e9coration v\u00e9g\u00e9tale d'Int\u00e9rieur\",\"isPartOf\":{\"@id\":\"https:\/\/mademoisellejules.fr\/#website\"},\"primaryImageOfPage\":{\"@id\":\"https:\/\/mademoisellejules.fr\/#primaryimage\"},\"image\":{\"@id\":\"https:\/\/mademoisellejules.fr\/#primaryimage\"},\"thumbnailUrl\":\"https:\/\/mademoisellejules.fr\/wp-content\/uploads\/2024\/10\/menu-toggle.png\",\"datePublished\":\"2024-11-06T09:10:34+00:00\",\"dateModified\":\"2025-05-05T08:43:15+00:00\",\"description\":\"Design Floral et D\u00e9coration v\u00e9g\u00e9tale d'Int\u00e9rieur - Fleuriste pour vos mariages, \u00e9v\u00e9nements priv\u00e9s, \u00e9v\u00e9nements d'entreprise sur la C\u00f4te d'Azur.\",\"breadcrumb\":{\"@id\":\"https:\/\/mademoisellejules.fr\/#breadcrumb\"},\"inLanguage\":\"en-GB\",\"potentialAction\":[{\"@type\":\"ReadAction\",\"target\":[\"https:\/\/mademoisellejules.fr\/\"]}]},{\"@type\":\"ImageObject\",\"inLanguage\":\"en-GB\",\"@id\":\"https:\/\/mademoisellejules.fr\/#primaryimage\",\"url\":\"https:\/\/mademoisellejules.fr\/wp-content\/uploads\/2024\/10\/menu-toggle.png\",\"contentUrl\":\"https:\/\/mademoisellejules.fr\/wp-content\/uploads\/2024\/10\/menu-toggle.png\"},{\"@type\":\"BreadcrumbList\",\"@id\":\"https:\/\/mademoisellejules.fr\/#breadcrumb\",\"itemListElement\":[{\"@type\":\"ListItem\",\"position\":1,\"name\":\"Accueil\",\"item\":\"https:\/\/mademoisellejules.fr\/\"},{\"@type\":\"ListItem\",\"position\":2,\"name\":\"MADEMOISELLE JULES\"}]},{\"@type\":\"WebSite\",\"@id\":\"https:\/\/mademoisellejules.fr\/#website\",\"url\":\"https:\/\/mademoisellejules.fr\/\",\"name\":\"MADEMOISELLE JULES\",\"description\":\"Design floral, paysagisme d&#039;int\u00e9rieur, location de plante\",\"potentialAction\":[{\"@type\":\"SearchAction\",\"target\":{\"@type\":\"EntryPoint\",\"urlTemplate\":\"https:\/\/mademoisellejules.fr\/?s={search_term_string}\"},\"query-input\":{\"@type\":\"PropertyValueSpecification\",\"valueRequired\":true,\"valueName\":\"search_term_string\"}}],\"inLanguage\":\"en-GB\"}]}<\/script>\n<!-- \/ Yoast SEO plugin. -->","yoast_head_json":{"title":"MADEMOISELLE JULES - Design Floral et D\u00e9coration v\u00e9g\u00e9tale d'Int\u00e9rieur","description":"Design Floral et D\u00e9coration v\u00e9g\u00e9tale d'Int\u00e9rieur - Fleuriste pour vos mariages, \u00e9v\u00e9nements priv\u00e9s, \u00e9v\u00e9nements d'entreprise sur la C\u00f4te d'Azur.","robots":{"index":"index","follow":"follow","max-snippet":"max-snippet:-1","max-image-preview":"max-image-preview:large","max-video-preview":"max-video-preview:-1"},"canonical":"https:\/\/mademoisellejules.fr\/en\/","og_locale":"en_GB","og_type":"article","og_title":"MADEMOISELLE JULES - Design Floral et D\u00e9coration v\u00e9g\u00e9tale d'Int\u00e9rieur","og_description":"Design Floral et D\u00e9coration v\u00e9g\u00e9tale d'Int\u00e9rieur - Fleuriste pour vos mariages, \u00e9v\u00e9nements priv\u00e9s, \u00e9v\u00e9nements d'entreprise sur la C\u00f4te d'Azur.","og_url":"https:\/\/mademoisellejules.fr\/en\/","og_site_name":"MADEMOISELLE JULES","article_modified_time":"2025-05-05T08:43:15+00:00","og_image":[{"width":39,"height":28,"url":"https:\/\/mademoisellejules.fr\/wp-content\/uploads\/2024\/10\/menu-toggle.png","type":"image\/png"}],"twitter_card":"summary_large_image","twitter_misc":{"Estimated reading time":"2 minutes"},"schema":{"@context":"https:\/\/schema.org","@graph":[{"@type":"WebPage","@id":"https:\/\/mademoisellejules.fr\/","url":"https:\/\/mademoisellejules.fr\/","name":"MADEMOISELLE JULES - Design Floral et D\u00e9coration v\u00e9g\u00e9tale d'Int\u00e9rieur","isPartOf":{"@id":"https:\/\/mademoisellejules.fr\/#website"},"primaryImageOfPage":{"@id":"https:\/\/mademoisellejules.fr\/#primaryimage"},"image":{"@id":"https:\/\/mademoisellejules.fr\/#primaryimage"},"thumbnailUrl":"https:\/\/mademoisellejules.fr\/wp-content\/uploads\/2024\/10\/menu-toggle.png","datePublished":"2024-11-06T09:10:34+00:00","dateModified":"2025-05-05T08:43:15+00:00","description":"Design Floral et D\u00e9coration v\u00e9g\u00e9tale d'Int\u00e9rieur - Fleuriste pour vos mariages, \u00e9v\u00e9nements priv\u00e9s, \u00e9v\u00e9nements d'entreprise sur la C\u00f4te d'Azur.","breadcrumb":{"@id":"https:\/\/mademoisellejules.fr\/#breadcrumb"},"inLanguage":"en-GB","potentialAction":[{"@type":"ReadAction","target":["https:\/\/mademoisellejules.fr\/"]}]},{"@type":"ImageObject","inLanguage":"en-GB","@id":"https:\/\/mademoisellejules.fr\/#primaryimage","url":"https:\/\/mademoisellejules.fr\/wp-content\/uploads\/2024\/10\/menu-toggle.png","contentUrl":"https:\/\/mademoisellejules.fr\/wp-content\/uploads\/2024\/10\/menu-toggle.png"},{"@type":"BreadcrumbList","@id":"https:\/\/mademoisellejules.fr\/#breadcrumb","itemListElement":[{"@type":"ListItem","position":1,"name":"Accueil","item":"https:\/\/mademoisellejules.fr\/"},{"@type":"ListItem","position":2,"name":"MADEMOISELLE JULES"}]},{"@type":"WebSite","@id":"https:\/\/mademoisellejules.fr\/#website","url":"https:\/\/mademoisellejules.fr\/","name":"MADEMOISELLE JULES","description":"Design floral, paysagisme d&#039;int\u00e9rieur, location de plante","potentialAction":[{"@type":"SearchAction","target":{"@type":"EntryPoint","urlTemplate":"https:\/\/mademoisellejules.fr\/?s={search_term_string}"},"query-input":{"@type":"PropertyValueSpecification","valueRequired":true,"valueName":"search_term_string"}}],"inLanguage":"en-GB"}]}},"_links":{"self":[{"href":"https:\/\/mademoisellejules.fr\/en\/wp-json\/wp\/v2\/pages\/2083","targetHints":{"allow":["GET"]}}],"collection":[{"href":"https:\/\/mademoisellejules.fr\/en\/wp-json\/wp\/v2\/pages"}],"about":[{"href":"https:\/\/mademoisellejules.fr\/en\/wp-json\/wp\/v2\/types\/page"}],"author":[{"embeddable":true,"href":"https:\/\/mademoisellejules.fr\/en\/wp-json\/wp\/v2\/users\/1"}],"replies":[{"embeddable":true,"href":"https:\/\/mademoisellejules.fr\/en\/wp-json\/wp\/v2\/comments?post=2083"}],"version-history":[{"count":24,"href":"https:\/\/mademoisellejules.fr\/en\/wp-json\/wp\/v2\/pages\/2083\/revisions"}],"predecessor-version":[{"id":2969,"href":"https:\/\/mademoisellejules.fr\/en\/wp-json\/wp\/v2\/pages\/2083\/revisions\/2969"}],"wp:attachment":[{"href":"https:\/\/mademoisellejules.fr\/en\/wp-json\/wp\/v2\/media?parent=2083"}],"curies":[{"name":"wp","href":"https:\/\/api.w.org\/{rel}","templated":true}]}}